{"id":350,"date":"2022-03-14T13:57:27","date_gmt":"2022-03-14T13:57:27","guid":{"rendered":"https:\/\/leal.com.tr\/eng\/?page_id=350"},"modified":"2022-03-14T14:08:52","modified_gmt":"2022-03-14T14:08:52","slug":"turkiye-cumhuriyeti-ticaret-bakanligi-sirkuleri","status":"publish","type":"page","link":"https:\/\/www.leal.com.tr\/eng\/turkiye-cumhuriyeti-ticaret-bakanligi-sirkuleri\/","title":{"rendered":"T\u00fcrkiye Cumhuriyeti Ticaret Bakanl\u0131\u011f\u0131 Sirk\u00fcleri"},"content":{"rendered":"","protected":false},"excerpt":{"rendered":"","protected":false},"author":1,"featured_media":0,"parent":0,"menu_order":0,"comment_status":"closed","ping_status":"closed","template":"","meta":{"footnotes":""},"_links":{"self":[{"href":"https:\/\/www.leal.com.tr\/eng\/wp-json\/wp\/v2\/pages\/350"}],"collection":[{"href":"https:\/\/www.leal.com.tr\/eng\/wp-json\/wp\/v2\/pages"}],"about":[{"href":"https:\/\/www.leal.com.tr\/eng\/wp-json\/wp\/v2\/types\/page"}],"author":[{"embeddable":true,"href":"https:\/\/www.leal.com.tr\/eng\/wp-json\/wp\/v2\/users\/1"}],"replies":[{"embeddable":true,"href":"https:\/\/www.leal.com.tr\/eng\/wp-json\/wp\/v2\/comments?post=350"}],"version-history":[{"count":3,"href":"https:\/\/www.leal.com.tr\/eng\/wp-json\/wp\/v2\/pages\/350\/revisions"}],"predecessor-version":[{"id":353,"href":"https:\/\/www.leal.com.tr\/eng\/wp-json\/wp\/v2\/pages\/350\/revisions\/353"}],"wp:attachment":[{"href":"https:\/\/www.leal.com.tr\/eng\/wp-json\/wp\/v2\/media?parent=350"}],"curies":[{"name":"wp","href":"https:\/\/api.w.org\/{rel}","templated":true}]}}